{"id":10,"date":"2024-02-05T14:56:43","date_gmt":"2024-02-05T14:56:43","guid":{"rendered":"http:\/\/www.esp-routage.fr\/?page_id=10"},"modified":"2024-03-22T08:46:35","modified_gmt":"2024-03-22T08:46:35","slug":"concevoir-diffuser","status":"publish","type":"page","link":"https:\/\/www.esp-routage.fr\/","title":{"rendered":"Des solutions cl\u00e9s en main, de la conception \u00e0 la diffusion"},"content":{"rendered":"\n<figure class=\"wp-block-gallery has-nested-images columns-default is-cropped wp-block-gallery-1 is-layout-flex wp-block-gallery-is-layout-flex\">\n<figure class=\"wp-block-image size-full\"><img loading=\"lazy\" decoding=\"async\" width=\"900\" height=\"600\" data-id=\"92\" src=\"http:\/\/www.esp-routage.fr\/wp-content\/uploads\/2024\/03\/espvousaccompagne.jpg\" alt=\"ESP vous aide \u00e0 concevoir et r\u00e9aliser votre projet de communication\" class=\"wp-image-92\" srcset=\"https:\/\/www.esp-routage.fr\/wp-content\/uploads\/2024\/03\/espvousaccompagne.jpg 900w, https:\/\/www.esp-routage.fr\/wp-content\/uploads\/2024\/03\/espvousaccompagne-300x200.jpg 300w, https:\/\/www.esp-routage.fr\/wp-content\/uploads\/2024\/03\/espvousaccompagne-768x512.jpg 768w\" sizes=\"auto, (max-width: 900px) 100vw, 900px\" \/><\/figure>\n<\/figure>\n\n\n\n<h2 class=\"wp-block-heading\">Bien con\u00e7u &#8230; Bien re\u00e7u<\/h2>\n\n\n\n<p>Pour toutes vos op\u00e9rations de Marketing Direct, Presse, courriers de gestion, ESP vous guide et r\u00e9alise vos projets. Offrez-vous la s\u00e9r\u00e9nit\u00e9, nous nous occupons de tout !<\/p>\n\n\n\n<div class=\"wp-block-columns is-layout-flex wp-container-core-columns-is-layout-28f84493 wp-block-columns-is-layout-flex\">\n<div class=\"wp-block-column is-layout-flow wp-block-column-is-layout-flow\">\n<figure class=\"wp-block-image size-full\"><a href=\"http:\/\/www.esp-routage.fr\/index.php\/concevoir\/\"><img loading=\"lazy\" decoding=\"async\" width=\"550\" height=\"550\" src=\"http:\/\/www.esp-routage.fr\/wp-content\/uploads\/2024\/03\/1-concevoir.png\" alt=\"\" class=\"wp-image-110\" srcset=\"https:\/\/www.esp-routage.fr\/wp-content\/uploads\/2024\/03\/1-concevoir.png 550w, https:\/\/www.esp-routage.fr\/wp-content\/uploads\/2024\/03\/1-concevoir-300x300.png 300w, https:\/\/www.esp-routage.fr\/wp-content\/uploads\/2024\/03\/1-concevoir-150x150.png 150w\" sizes=\"auto, (max-width: 550px) 100vw, 550px\" \/><\/a><\/figure>\n<\/div>\n\n\n\n<div class=\"wp-block-column is-layout-flow wp-block-column-is-layout-flow\">\n<figure class=\"wp-block-image size-full\"><a href=\"http:\/\/www.esp-routage.fr\/index.php\/concevoir\/\"><img loading=\"lazy\" decoding=\"async\" width=\"550\" height=\"550\" src=\"http:\/\/www.esp-routage.fr\/wp-content\/uploads\/2024\/03\/2-imprimer.png\" alt=\"\" class=\"wp-image-109\" srcset=\"https:\/\/www.esp-routage.fr\/wp-content\/uploads\/2024\/03\/2-imprimer.png 550w, https:\/\/www.esp-routage.fr\/wp-content\/uploads\/2024\/03\/2-imprimer-300x300.png 300w, https:\/\/www.esp-routage.fr\/wp-content\/uploads\/2024\/03\/2-imprimer-150x150.png 150w\" sizes=\"auto, (max-width: 550px) 100vw, 550px\" \/><\/a><\/figure>\n<\/div>\n\n\n\n<div class=\"wp-block-column is-layout-flow wp-block-column-is-layout-flow\">\n<figure class=\"wp-block-image size-full\"><a href=\"http:\/\/www.esp-routage.fr\/index.php\/diffuser\/\"><img loading=\"lazy\" decoding=\"async\" width=\"550\" height=\"550\" src=\"http:\/\/www.esp-routage.fr\/wp-content\/uploads\/2024\/03\/3-diffuser.png\" alt=\"\" class=\"wp-image-107\" srcset=\"https:\/\/www.esp-routage.fr\/wp-content\/uploads\/2024\/03\/3-diffuser.png 550w, https:\/\/www.esp-routage.fr\/wp-content\/uploads\/2024\/03\/3-diffuser-300x300.png 300w, https:\/\/www.esp-routage.fr\/wp-content\/uploads\/2024\/03\/3-diffuser-150x150.png 150w\" sizes=\"auto, (max-width: 550px) 100vw, 550px\" \/><\/a><\/figure>\n<\/div>\n<\/div>\n\n\n\n<figure class=\"wp-block-gallery has-nested-images columns-default is-cropped wp-block-gallery-2 is-layout-flex wp-block-gallery-is-layout-flex\"><\/figure>\n","protected":false},"excerpt":{"rendered":"<p>Bien con\u00e7u &#8230; Bien re\u00e7u Pour toutes vos op\u00e9rations de Marketing Direct, Presse, courriers de gestion, ESP vous guide et [&hellip;]<\/p>\n","protected":false},"author":1,"featured_media":0,"parent":0,"menu_order":0,"comment_status":"closed","ping_status":"closed","template":"","meta":{"site-sidebar-layout":"default","site-content-layout":"","ast-site-content-layout":"default","site-content-style":"default","site-sidebar-style":"default","ast-global-header-display":"","ast-banner-title-visibility":"","ast-main-header-display":"","ast-hfb-above-header-display":"","ast-hfb-below-header-display":"","ast-hfb-mobile-header-display":"","site-post-title":"","ast-breadcrumbs-content":"","ast-featured-img":"","footer-sml-layout":"","ast-disable-related-posts":"","theme-transparent-header-meta":"","adv-header-id-meta":"","stick-header-meta":"","header-above-stick-meta":"","header-main-stick-meta":"","header-below-stick-meta":"","astra-migrate-meta-layouts":"default","ast-page-background-enabled":"default","ast-page-background-meta":{"desktop":{"background-color":"var(--ast-global-color-4)","background-image":"","background-repeat":"repeat","background-position":"center center","background-size":"auto","background-attachment":"scroll","background-type":"","background-media":"","overlay-type":"","overlay-color":"","overlay-opacity":"","overlay-gradient":""},"tablet":{"background-color":"","background-image":"","background-repeat":"repeat","background-position":"center center","background-size":"auto","background-attachment":"scroll","background-type":"","background-media":"","overlay-type":"","overlay-color":"","overlay-opacity":"","overlay-gradient":""},"mobile":{"background-color":"","background-image":"","background-repeat":"repeat","background-position":"center center","background-size":"auto","background-attachment":"scroll","background-type":"","background-media":"","overlay-type":"","overlay-color":"","overlay-opacity":"","overlay-gradient":""}},"ast-content-background-meta":{"desktop":{"background-color":"var(--ast-global-color-5)","background-image":"","background-repeat":"repeat","background-position":"center center","background-size":"auto","background-attachment":"scroll","background-type":"","background-media":"","overlay-type":"","overlay-color":"","overlay-opacity":"","overlay-gradient":""},"tablet":{"background-color":"var(--ast-global-color-5)","background-image":"","background-repeat":"repeat","background-position":"center center","background-size":"auto","background-attachment":"scroll","background-type":"","background-media":"","overlay-type":"","overlay-color":"","overlay-opacity":"","overlay-gradient":""},"mobile":{"background-color":"var(--ast-global-color-5)","background-image":"","background-repeat":"repeat","background-position":"center center","background-size":"auto","background-attachment":"scroll","background-type":"","background-media":"","overlay-type":"","overlay-color":"","overlay-opacity":"","overlay-gradient":""}},"footnotes":""},"class_list":["post-10","page","type-page","status-publish","hentry"],"_links":{"self":[{"href":"https:\/\/www.esp-routage.fr\/index.php\/wp-json\/wp\/v2\/pages\/10","targetHints":{"allow":["GET"]}}],"collection":[{"href":"https:\/\/www.esp-routage.fr\/index.php\/wp-json\/wp\/v2\/pages"}],"about":[{"href":"https:\/\/www.esp-routage.fr\/index.php\/wp-json\/wp\/v2\/types\/page"}],"author":[{"embeddable":true,"href":"https:\/\/www.esp-routage.fr\/index.php\/wp-json\/wp\/v2\/users\/1"}],"replies":[{"embeddable":true,"href":"https:\/\/www.esp-routage.fr\/index.php\/wp-json\/wp\/v2\/comments?post=10"}],"version-history":[{"count":16,"href":"https:\/\/www.esp-routage.fr\/index.php\/wp-json\/wp\/v2\/pages\/10\/revisions"}],"predecessor-version":[{"id":112,"href":"https:\/\/www.esp-routage.fr\/index.php\/wp-json\/wp\/v2\/pages\/10\/revisions\/112"}],"wp:attachment":[{"href":"https:\/\/www.esp-routage.fr\/index.php\/wp-json\/wp\/v2\/media?parent=10"}],"curies":[{"name":"wp","href":"https:\/\/api.w.org\/{rel}","templated":true}]}}